{"id":2645,"date":"2025-05-29T11:16:20","date_gmt":"2025-05-29T09:16:20","guid":{"rendered":"http:\/\/simspot.pl\/index.php\/produkt\/serbia-mobile-20-gb-30-dni\/"},"modified":"2026-04-14T09:17:12","modified_gmt":"2026-04-14T07:17:12","slug":"serbia-mobile-20-gb-30-dni","status":"publish","type":"product","link":"https:\/\/simspot.pl\/index.php\/produkt\/serbia-mobile-20-gb-30-dni\/","title":{"rendered":"Serbia Mobile 20 GB &#8211; 30 dni"},"content":{"rendered":"<p>4G Data-only eSIM.<br \/>\nRechargeable online with no expiry.<br \/>\nOperates on Yettel network in Serbia.<br \/>\nMusisz aktywowa\u0107 kart\u0119 eSIM w ci\u0105gu 90 dni od zakupu.<\/p>\n","protected":false},"excerpt":{"rendered":"<p>4G Data-only eSIM. Rechargeable online with no expiry. Operates on Yettel network in Serbia. Musisz aktywowa\u0107 kart\u0119 eSIM w ci\u0105gu 90 dni od zakupu.<\/p>\n","protected":false},"featured_media":0,"comment_status":"open","ping_status":"closed","template":"","meta":{"advanced_seo_description":"","jetpack_seo_html_title":"","jetpack_seo_noindex":false,"jetpack_publicize_message":"","jetpack_publicize_feature_enabled":true,"jetpack_social_post_already_shared":true,"jetpack_social_options":{"image_generator_settings":{"template":"highway","default_image_id":0,"font":"","enabled":false},"version":2}},"product_brand":[],"product_cat":[15],"product_tag":[],"class_list":{"0":"post-2645","1":"product","2":"type-product","3":"status-publish","5":"product_cat-bez-kategorii","7":"first","8":"outofstock","9":"virtual","10":"taxable","11":"product-type-simple"},"jetpack_publicize_connections":[],"jetpack_sharing_enabled":true,"jetpack_likes_enabled":true,"_links":{"self":[{"href":"https:\/\/simspot.pl\/index.php\/wp-json\/wp\/v2\/product\/2645","targetHints":{"allow":["GET"]}}],"collection":[{"href":"https:\/\/simspot.pl\/index.php\/wp-json\/wp\/v2\/product"}],"about":[{"href":"https:\/\/simspot.pl\/index.php\/wp-json\/wp\/v2\/types\/product"}],"replies":[{"embeddable":true,"href":"https:\/\/simspot.pl\/index.php\/wp-json\/wp\/v2\/comments?post=2645"}],"wp:attachment":[{"href":"https:\/\/simspot.pl\/index.php\/wp-json\/wp\/v2\/media?parent=2645"}],"wp:term":[{"taxonomy":"product_brand","embeddable":true,"href":"https:\/\/simspot.pl\/index.php\/wp-json\/wp\/v2\/product_brand?post=2645"},{"taxonomy":"product_cat","embeddable":true,"href":"https:\/\/simspot.pl\/index.php\/wp-json\/wp\/v2\/product_cat?post=2645"},{"taxonomy":"product_tag","embeddable":true,"href":"https:\/\/simspot.pl\/index.php\/wp-json\/wp\/v2\/product_tag?post=2645"}],"curies":[{"name":"wp","href":"https:\/\/api.w.org\/{rel}","templated":true}]}}