{"id":2101,"date":"2025-05-27T16:42:59","date_gmt":"2025-05-27T14:42:59","guid":{"rendered":"https:\/\/simspot.pl\/index.php\/produkt\/kargi-mobile-1-gb-7-dni\/"},"modified":"2026-04-14T23:17:08","modified_gmt":"2026-04-14T21:17:08","slug":"kargi-mobile-1-gb-7-dni","status":"publish","type":"product","link":"https:\/\/simspot.pl\/index.php\/produkt\/kargi-mobile-1-gb-7-dni\/","title":{"rendered":"Kargi Mobile 1 GB &#8211; 7 dni"},"content":{"rendered":"<p>4G data-only eSIM.<br \/>\nOperates on the Beeline network in Georgia.<br \/>\nZasi\u0119g w Abchazji nie jest gwarantowany. Musisz aktywowa\u0107 kart\u0119 eSIM w ci\u0105gu 90 dni od zakupu.<br \/>\nThis eSIM doesn&#8217;t come with a phone number.<\/p>\n","protected":false},"excerpt":{"rendered":"<p>4G data-only eSIM. Operates on the Beeline network in Georgia. Zasi\u0119g w Abchazji nie jest gwarantowany. Musisz aktywowa\u0107 kart\u0119 eSIM w ci\u0105gu 90 dni od zakupu. This eSIM doesn&#8217;t come with a phone number.<\/p>\n","protected":false},"featured_media":2100,"comment_status":"open","ping_status":"closed","template":"","meta":{"advanced_seo_description":"","jetpack_seo_html_title":"","jetpack_seo_noindex":false,"jetpack_publicize_message":"","jetpack_publicize_feature_enabled":true,"jetpack_social_post_already_shared":true,"jetpack_social_options":{"image_generator_settings":{"template":"highway","default_image_id":0,"font":"","enabled":false},"version":2}},"product_brand":[],"product_cat":[15],"product_tag":[],"class_list":{"0":"post-2101","1":"product","2":"type-product","3":"status-publish","4":"has-post-thumbnail","6":"product_cat-bez-kategorii","8":"first","9":"outofstock","10":"virtual","11":"taxable","12":"product-type-simple"},"jetpack_publicize_connections":[],"jetpack_sharing_enabled":true,"jetpack_likes_enabled":true,"_links":{"self":[{"href":"https:\/\/simspot.pl\/index.php\/wp-json\/wp\/v2\/product\/2101","targetHints":{"allow":["GET"]}}],"collection":[{"href":"https:\/\/simspot.pl\/index.php\/wp-json\/wp\/v2\/product"}],"about":[{"href":"https:\/\/simspot.pl\/index.php\/wp-json\/wp\/v2\/types\/product"}],"replies":[{"embeddable":true,"href":"https:\/\/simspot.pl\/index.php\/wp-json\/wp\/v2\/comments?post=2101"}],"wp:featuredmedia":[{"embeddable":true,"href":"https:\/\/simspot.pl\/index.php\/wp-json\/wp\/v2\/media\/2100"}],"wp:attachment":[{"href":"https:\/\/simspot.pl\/index.php\/wp-json\/wp\/v2\/media?parent=2101"}],"wp:term":[{"taxonomy":"product_brand","embeddable":true,"href":"https:\/\/simspot.pl\/index.php\/wp-json\/wp\/v2\/product_brand?post=2101"},{"taxonomy":"product_cat","embeddable":true,"href":"https:\/\/simspot.pl\/index.php\/wp-json\/wp\/v2\/product_cat?post=2101"},{"taxonomy":"product_tag","embeddable":true,"href":"https:\/\/simspot.pl\/index.php\/wp-json\/wp\/v2\/product_tag?post=2101"}],"curies":[{"name":"wp","href":"https:\/\/api.w.org\/{rel}","templated":true}]}}