{"id":1680,"date":"2025-05-27T16:31:18","date_gmt":"2025-05-27T14:31:18","guid":{"rendered":"https:\/\/simspot.pl\/index.php\/produkt\/merhaba-1-gb-7-dni\/"},"modified":"2026-04-29T05:14:47","modified_gmt":"2026-04-29T03:14:47","slug":"merhaba-1-gb-7-dni","status":"publish","type":"product","link":"https:\/\/simspot.pl\/index.php\/produkt\/merhaba-1-gb-7-dni\/","title":{"rendered":"Merhaba 1 GB &#8211; 7 dni"},"content":{"rendered":"<p>5G Data-only eSIM.<br \/>\nRechargeable online with no expiry.<br \/>\nOperates on the Turk Telekom\/AVEA network in Turkey.<br \/>\nThis eSIM does not cover Northern Cyprus.<br \/>\nTa karta eSIM nie dzia\u0142a na Cyprze P\u00f3\u0142nocnym. Je\u017celi planujesz korzysta\u0107 z danych z karty eSIM przez (\u0142\u0105cznie) 91 dni lub wi\u0119cej w okresie 120 dni, musisz zarejestrowa\u0107 numer IMEI urz\u0105dzenia w tureckim Centralnym Rejestrze To\u017csamo\u015bci Urz\u0105dze\u0144 i zap\u0142aci\u0107 jednorazowy podatek.<br \/>\nThis eSIM doesn&#8217;t come with a phone number.<\/p>\n","protected":false},"excerpt":{"rendered":"<p>5G Data-only eSIM. Rechargeable online with no expiry. Operates on the Turk Telekom\/AVEA network in Turkey. This eSIM does not cover Northern Cyprus. Ta karta eSIM nie dzia\u0142a na Cyprze P\u00f3\u0142nocnym. Je\u017celi planujesz korzysta\u0107 z danych z karty eSIM przez (\u0142\u0105cznie) 91 dni lub wi\u0119cej w okresie 120 dni, musisz zarejestrowa\u0107 numer IMEI urz\u0105dzenia w [&hellip;]<\/p>\n","protected":false},"featured_media":238,"comment_status":"open","ping_status":"closed","template":"","meta":{"advanced_seo_description":"","jetpack_seo_html_title":"","jetpack_seo_noindex":false,"jetpack_publicize_message":"","jetpack_publicize_feature_enabled":true,"jetpack_social_post_already_shared":true,"jetpack_social_options":{"image_generator_settings":{"template":"highway","default_image_id":0,"font":"","enabled":false},"version":2}},"product_brand":[],"product_cat":[15],"product_tag":[],"class_list":{"0":"post-1680","1":"product","2":"type-product","3":"status-publish","4":"has-post-thumbnail","6":"product_cat-bez-kategorii","8":"first","9":"instock","10":"virtual","11":"taxable","12":"product-type-simple"},"jetpack_publicize_connections":[],"jetpack_sharing_enabled":true,"jetpack_likes_enabled":true,"_links":{"self":[{"href":"https:\/\/simspot.pl\/index.php\/wp-json\/wp\/v2\/product\/1680","targetHints":{"allow":["GET"]}}],"collection":[{"href":"https:\/\/simspot.pl\/index.php\/wp-json\/wp\/v2\/product"}],"about":[{"href":"https:\/\/simspot.pl\/index.php\/wp-json\/wp\/v2\/types\/product"}],"replies":[{"embeddable":true,"href":"https:\/\/simspot.pl\/index.php\/wp-json\/wp\/v2\/comments?post=1680"}],"wp:featuredmedia":[{"embeddable":true,"href":"https:\/\/simspot.pl\/index.php\/wp-json\/"}],"wp:attachment":[{"href":"https:\/\/simspot.pl\/index.php\/wp-json\/wp\/v2\/media?parent=1680"}],"wp:term":[{"taxonomy":"product_brand","embeddable":true,"href":"https:\/\/simspot.pl\/index.php\/wp-json\/wp\/v2\/product_brand?post=1680"},{"taxonomy":"product_cat","embeddable":true,"href":"https:\/\/simspot.pl\/index.php\/wp-json\/wp\/v2\/product_cat?post=1680"},{"taxonomy":"product_tag","embeddable":true,"href":"https:\/\/simspot.pl\/index.php\/wp-json\/wp\/v2\/product_tag?post=1680"}],"curies":[{"name":"wp","href":"https:\/\/api.w.org\/{rel}","templated":true}]}}