{"id":1649,"date":"2025-05-27T16:30:25","date_gmt":"2025-05-27T14:30:25","guid":{"rendered":"https:\/\/simspot.pl\/index.php\/produkt\/elan-10-gb-30-dni\/"},"modified":"2026-04-14T22:21:38","modified_gmt":"2026-04-14T20:21:38","slug":"elan-10-gb-30-dni","status":"publish","type":"product","link":"https:\/\/simspot.pl\/index.php\/produkt\/elan-10-gb-30-dni\/","title":{"rendered":"\u00c9lan 10 GB &#8211; 30 dni"},"content":{"rendered":"<p>4G Data-only eSIM.<br \/>\nRechargeable online with no expiry.<br \/>\nOperates on the Orange network in France.<br \/>\nMo\u017cesz do\u0142adowa\u0107 t\u0119 kart\u0119 eSIM w ci\u0105gu 120 dni od jej aktywacji. Dodanie nowego pakietu zresetuje ten okres. Monako nie jest obj\u0119te t\u0105 kart\u0105 eSIM.<br \/>\nThis eSIM doesn&#8217;t come with a phone number.<\/p>\n","protected":false},"excerpt":{"rendered":"<p>4G Data-only eSIM. Rechargeable online with no expiry. Operates on the Orange network in France. Mo\u017cesz do\u0142adowa\u0107 t\u0119 kart\u0119 eSIM w ci\u0105gu 120 dni od jej aktywacji. Dodanie nowego pakietu zresetuje ten okres. Monako nie jest obj\u0119te t\u0105 kart\u0105 eSIM. This eSIM doesn&#8217;t come with a phone number.<\/p>\n","protected":false},"featured_media":1644,"comment_status":"open","ping_status":"closed","template":"","meta":{"advanced_seo_description":"","jetpack_seo_html_title":"","jetpack_seo_noindex":false,"jetpack_publicize_message":"","jetpack_publicize_feature_enabled":true,"jetpack_social_post_already_shared":true,"jetpack_social_options":{"image_generator_settings":{"template":"highway","default_image_id":0,"font":"","enabled":false},"version":2}},"product_brand":[],"product_cat":[15],"product_tag":[],"class_list":{"0":"post-1649","1":"product","2":"type-product","3":"status-publish","4":"has-post-thumbnail","6":"product_cat-bez-kategorii","8":"first","9":"instock","10":"virtual","11":"taxable","12":"product-type-simple"},"jetpack_publicize_connections":[],"jetpack_sharing_enabled":true,"jetpack_likes_enabled":true,"_links":{"self":[{"href":"https:\/\/simspot.pl\/index.php\/wp-json\/wp\/v2\/product\/1649","targetHints":{"allow":["GET"]}}],"collection":[{"href":"https:\/\/simspot.pl\/index.php\/wp-json\/wp\/v2\/product"}],"about":[{"href":"https:\/\/simspot.pl\/index.php\/wp-json\/wp\/v2\/types\/product"}],"replies":[{"embeddable":true,"href":"https:\/\/simspot.pl\/index.php\/wp-json\/wp\/v2\/comments?post=1649"}],"wp:featuredmedia":[{"embeddable":true,"href":"https:\/\/simspot.pl\/index.php\/wp-json\/wp\/v2\/media\/1644"}],"wp:attachment":[{"href":"https:\/\/simspot.pl\/index.php\/wp-json\/wp\/v2\/media?parent=1649"}],"wp:term":[{"taxonomy":"product_brand","embeddable":true,"href":"https:\/\/simspot.pl\/index.php\/wp-json\/wp\/v2\/product_brand?post=1649"},{"taxonomy":"product_cat","embeddable":true,"href":"https:\/\/simspot.pl\/index.php\/wp-json\/wp\/v2\/product_cat?post=1649"},{"taxonomy":"product_tag","embeddable":true,"href":"https:\/\/simspot.pl\/index.php\/wp-json\/wp\/v2\/product_tag?post=1649"}],"curies":[{"name":"wp","href":"https:\/\/api.w.org\/{rel}","templated":true}]}}